{"id":508,"date":"2017-08-04T17:06:18","date_gmt":"2017-08-04T17:06:18","guid":{"rendered":"http:\/\/4xsample.de\/?page_id=508\/"},"modified":"2018-05-24T07:27:51","modified_gmt":"2018-05-24T07:27:51","slug":"data-protection","status":"publish","type":"page","link":"http:\/\/4xsample.de\/en\/data-protection\/","title":{"rendered":"Data protection"},"content":{"rendered":"<h1>Datenschutzerkl\u00e4rung<\/h1>\n<h2>Datenschutz<\/h2>\n<p>Die Betreiber dieser Seiten nehmen den Schutz Ihrer pers\u00f6nlichen Daten sehr ernst. Wir behandeln Ihre<br \/>\npersonenbezogenen Daten vertraulich und entsprechend der gesetzlichen Datenschutzvorschriften sowie<br \/>\ndieser Datenschutzerkl\u00e4rung.<\/p>\n<p>Die Nutzung unserer Webseite ist in der Regel ohne Angabe personenbezogener Daten m\u00f6glich. Soweit<br \/>\nauf unseren Seiten personenbezogene Daten (beispielsweise Name, Anschrift oder E-Mail-Adressen)<br \/>\nerhoben werden, erfolgt dies, soweit m\u00f6glich, stets auf freiwilliger Basis. Diese Daten werden ohne Ihre<br \/>\nausdr\u00fcckliche Zustimmung nicht an Dritte weitergegeben.<br \/>\nWir weisen darauf hin, dass die Daten\u00fcbertragung im Internet (z.B. bei der Kommunikation per E-Mail)<br \/>\nSicherheitsl\u00fccken aufweisen kann. Ein l\u00fcckenloser Schutz der Daten vor dem Zugriff durch Dritte ist nicht<br \/>\nm\u00f6glich.<\/p>\n<h2>Kontaktformular<\/h2>\n<p>Wenn Sie uns per Kontaktformular Anfragen zukommen lassen, werden Ihre Angaben aus dem<br \/>\nAnfrageformular inklusive der von Ihnen dort angegebenen Kontaktdaten zwecks Bearbeitung der<br \/>\nAnfrage und f\u00fcr den Fall von Anschlussfragen bei uns gespeichert. Diese Daten geben wir nicht ohne Ihre<br \/>\nEinwilligung weiter.<\/p>\n<h2>Datenschutzerkl\u00e4rung f\u00fcr die Nutzung von Facebook-Plugins (LikeButton)<\/h2>\n<p>Auf unseren Seiten sind Plugins des sozialen Netzwerks Facebook, Anbieter Facebook Inc., 1 Hacker<br \/>\nWay, Menlo Park, California 94025, USA, integriert. Die Facebook-Plugins erkennen Sie an dem<br \/>\nFacebook-Logo oder dem &#8220;Like-Button&#8221; (&#8220;Gef\u00e4llt mir&#8221;) auf unserer Seite. Eine \u00dcbersicht \u00fcber die<br \/>\nFacebook-Plugins finden Sie hier: http:\/\/developers.facebook.com\/docs\/plugins\/.<\/p>\n<p>Wenn Sie unsere Seiten besuchen, wird \u00fcber das Plugin eine direkte Verbindung zwischen Ihrem<br \/>\nBrowser und dem Facebook-Server hergestellt. Facebook erh\u00e4lt dadurch die Information, dass Sie mit<br \/>\nIhrer IP-Adresse unsere Seite besucht haben. Wenn Sie den Facebook &#8220;Like-Button&#8221; anklicken w\u00e4hrend<br \/>\nSie in Ihrem Facebook-Account eingeloggt sind, k\u00f6nnen Sie die Inhalte unserer Seiten auf Ihrem<br \/>\nFacebook-Profil verlinken. Dadurch kann Facebook den Besuch unserer Seiten Ihrem Benutzerkonto<br \/>\nzuordnen. Wir weisen darauf hin, dass wir als Anbieter der Seiten keine Kenntnis vom Inhalt der<br \/>\n\u00fcbermittelten Daten sowie deren Nutzung durch Facebook erhalten. Weitere Informationen hierzu finden<br \/>\nSie in der Datenschutzerkl\u00e4rung von Facebook unter http:\/\/de-de.facebook.com\/policy.php.<br \/>\nWenn Sie nicht w\u00fcnschen, dass Facebook den Besuch unserer Seiten Ihrem Facebook-Nutzerkonto<br \/>\nzuordnen kann, loggen Sie sich bitte aus Ihrem Facebook-Benutzerkonto aus.<\/p>\n<h2>Datenschutzerkl\u00e4rung f\u00fcr die Nutzung von SoundCloud<\/h2>\n<p>Auf unseren Seiten k\u00f6nnen Plugins des sozialen Netzwerks SoundCloud (SoundCloud Limited, Berners<br \/>\nHouse, 47-48 Berners Street, London W1T 3NF, Gro\u00dfbritannien.) integriert sein. Die SoundCloud-Plugins<br \/>\nerkennen Sie an dem SoundCloud-Logo auf den betroffenen Seiten.<\/p>\n<p>Wenn Sie unsere Seiten besuchen, wird nach Aktivierung des Plugin eine direkte Verbindung zwischen<br \/>\nIhrem Browser und dem SoundCloud-Server hergestellt. SoundCloud erh\u00e4lt dadurch die Information, dass<br \/>\nSie mit Ihrer IP-Adresse unsere Seite besucht haben. Wenn Sie den &#8220;Like-Button&#8221; oder &#8220;Share-Button&#8221;<br \/>\nanklicken w\u00e4hrend Sie in Ihrem SoundCloud- Benutzerkonto eingeloggt sind, k\u00f6nnen Sie die Inhalte<br \/>\nunserer Seiten mit Ihrem SoundCloud-Profil verlinken und\/oder teilen. Dadurch kann SoundCloud Ihrem<br \/>\nBenutzerkonto den Besuch unserer Seiten zuordnen. Wir weisen darauf hin, dass wir als Anbieter der<br \/>\nSeiten keine Kenntnis vom Inhalt der \u00fcbermittelten Daten sowie deren Nutzung durch SoundCloud<br \/>\nerhalten. Weitere Informationen hierzu finden Sie in der Datenschutzerkl\u00e4rung von SoundCloud unter:<br \/>\nhttps:\/\/soundcloud.com\/pages\/privacy<\/p>\n<p>Wenn Sie nicht w\u00fcnschen, dass Soundcloud den Besuch unserer Seiten Ihrem SoundCloudBenutzerkonto<br \/>\nzuordnet, loggen Sie sich bitte aus Ihrem SoundCloud-Benutzerkonto aus bevor Sie<br \/>\nInhalte des SoundCloud-Plugins aktivieren.<\/p>\n<h2>Datenschutzerkl\u00e4rung f\u00fcr die Nutzung von YouTube<\/h2>\n<p>Unsere Webseite nutzt Plugins der von Google betriebenen Seite YouTube. Betreiber der Seiten ist die<br \/>\nYouTube, LLC, 901 Cherry Ave., San Bruno, CA 94066, USA. Wenn Sie eine unserer mit einem YouTubePlugin<br \/>\nausgestatteten Seiten besuchen, wird eine Verbindung zu den Servern von YouTube hergestellt.<br \/>\nDabei wird dem Youtube-Server mitgeteilt, welche unserer Seiten Sie besucht haben.<br \/>\nWenn Sie in Ihrem YouTube-Account eingeloggt sind erm\u00f6glichen Sie YouTube, Ihr Surfverhalten direkt<br \/>\nIhrem pers\u00f6nlichen Profil zuzuordnen. Dies k\u00f6nnen Sie verhindern, indem Sie sich aus Ihrem YouTubeAccount<br \/>\nausloggen.<\/p>\n<p>Weitere Informationen zum Umgang von Nutzerdaten finden Sie in der Datenschutzerkl\u00e4rung von<br \/>\nYouTube unter: https:\/\/www.google.de\/intl\/de\/policies\/privacy<\/p>\n<h2>Widerspruch Werbe-Mails<\/h2>\n<p>Der Nutzung von im Rahmen der Impressumspflicht ver\u00f6ffentlichten Kontaktdaten zur \u00dcbersendung von<br \/>\nnicht ausdr\u00fccklich angeforderter Werbung und Informationsmaterialien wird hiermit widersprochen. Die<br \/>\nBetreiber der Seiten behalten sich ausdr\u00fccklich rechtliche Schritte im Falle der unverlangten Zusendung<br \/>\nvon Werbeinformationen, etwa durch Spam-E-Mails, vor.<\/p>\n<p>Quelle: https:\/\/www.e-recht24.de\/muster-datenschutzerklaerung.html<\/p>\n","protected":false},"excerpt":{"rendered":"<p>Datenschutzerkl\u00e4rung Datenschutz Die Betreiber dieser Seiten nehmen den Schutz Ihrer pers\u00f6nlichen Daten sehr ernst. Wir behandeln Ihre personenbezogenen Daten vertraulich und entsprechend der gesetzlichen Datenschutzvorschriften sowie dieser Datenschutzerkl\u00e4rung. Die Nutzung unserer Webseite ist in der Regel ohne Angabe personenbezogener Daten m\u00f6glich. Soweit auf unseren Seiten personenbezogene Daten (beispielsweise Name, Anschrift oder E-Mail-Adressen) erhoben werden, erfolgt&#8230;  <a class=\"excerpt-read-more\" href=\"http:\/\/4xsample.de\/en\/data-protection\/\" title=\"Read Data protection\">Read more &raquo;<\/a><\/p>\n","protected":false},"author":1,"featured_media":0,"parent":0,"menu_order":19,"comment_status":"closed","ping_status":"closed","template":"","meta":[],"acf":[],"yoast_head":"<!-- This site is optimized with the Yoast SEO plugin v18.1 - https:\/\/yoast.com\/wordpress\/plugins\/seo\/ -->\n<meta name=\"description\" content=\"Looking for Beatboxers? We are the 4xSample Beatboxcrew from Berlin and proud to be germany\u00b4s international beatbox team. Here you find everything about us.\" \/>\n<meta name=\"robots\" content=\"index, follow, max-snippet:-1, max-image-preview:large, max-video-preview:-1\" \/>\n<link rel=\"canonical\" href=\"http:\/\/4xsample.de\/en\/data-protection\/\" \/>\n<meta property=\"og:locale\" content=\"en_US\" \/>\n<meta property=\"og:type\" content=\"article\" \/>\n<meta property=\"og:title\" content=\"Data protection: 4xSample Beatboxcrew international Beatbox Champions!\" \/>\n<meta property=\"og:description\" content=\"Looking for Beatboxers? We are the 4xSample Beatboxcrew from Berlin and proud to be germany\u00b4s international beatbox team. Here you find everything about us.\" \/>\n<meta property=\"og:url\" content=\"http:\/\/4xsample.de\/en\/data-protection\/\" \/>\n<meta property=\"og:site_name\" content=\"4xSample Beatboxcrew\" \/>\n<meta property=\"article:modified_time\" content=\"2018-05-24T07:27:51+00:00\" \/>\n<meta name=\"twitter:card\" content=\"summary\" \/>\n<meta name=\"twitter:label1\" content=\"Est. reading time\" \/>\n\t<meta name=\"twitter:data1\" content=\"4 minutes\" \/>\n<script type=\"application\/ld+json\" class=\"yoast-schema-graph\">{\"@context\":\"https:\/\/schema.org\",\"@graph\":[{\"@type\":\"WebSite\",\"@id\":\"http:\/\/4xsample.de\/#website\",\"url\":\"http:\/\/4xsample.de\/\",\"name\":\"4xSample Beatboxcrew\",\"description\":\"Beatbox Shows, Workshops &amp; Events\",\"potentialAction\":[{\"@type\":\"SearchAction\",\"target\":{\"@type\":\"EntryPoint\",\"urlTemplate\":\"http:\/\/4xsample.de\/?s={search_term_string}\"},\"query-input\":\"required name=search_term_string\"}],\"inLanguage\":\"en-US\"},{\"@type\":\"WebPage\",\"@id\":\"http:\/\/4xsample.de\/en\/data-protection\/#webpage\",\"url\":\"http:\/\/4xsample.de\/en\/data-protection\/\",\"name\":\"Data protection: 4xSample Beatboxcrew international Beatbox Champions!\",\"isPartOf\":{\"@id\":\"http:\/\/4xsample.de\/#website\"},\"datePublished\":\"2017-08-04T17:06:18+00:00\",\"dateModified\":\"2018-05-24T07:27:51+00:00\",\"description\":\"Looking for Beatboxers? We are the 4xSample Beatboxcrew from Berlin and proud to be germany\u00b4s international beatbox team. Here you find everything about us.\",\"breadcrumb\":{\"@id\":\"http:\/\/4xsample.de\/en\/data-protection\/#breadcrumb\"},\"inLanguage\":\"en-US\",\"potentialAction\":[{\"@type\":\"ReadAction\",\"target\":[\"http:\/\/4xsample.de\/en\/data-protection\/\"]}]},{\"@type\":\"BreadcrumbList\",\"@id\":\"http:\/\/4xsample.de\/en\/data-protection\/#breadcrumb\",\"itemListElement\":[{\"@type\":\"ListItem\",\"position\":1,\"name\":\"Home\",\"item\":\"http:\/\/4xsample.de\/\"},{\"@type\":\"ListItem\",\"position\":2,\"name\":\"Data protection\"}]}]}<\/script>\n<!-- \/ Yoast SEO plugin. -->","yoast_head_json":{"description":"Looking for Beatboxers? We are the 4xSample Beatboxcrew from Berlin and proud to be germany\u00b4s international beatbox team. Here you find everything about us.","robots":{"index":"index","follow":"follow","max-snippet":"max-snippet:-1","max-image-preview":"max-image-preview:large","max-video-preview":"max-video-preview:-1"},"canonical":"http:\/\/4xsample.de\/en\/data-protection\/","og_locale":"en_US","og_type":"article","og_title":"Data protection: 4xSample Beatboxcrew international Beatbox Champions!","og_description":"Looking for Beatboxers? We are the 4xSample Beatboxcrew from Berlin and proud to be germany\u00b4s international beatbox team. Here you find everything about us.","og_url":"http:\/\/4xsample.de\/en\/data-protection\/","og_site_name":"4xSample Beatboxcrew","article_modified_time":"2018-05-24T07:27:51+00:00","twitter_card":"summary","twitter_misc":{"Est. reading time":"4 minutes"},"schema":{"@context":"https:\/\/schema.org","@graph":[{"@type":"WebSite","@id":"http:\/\/4xsample.de\/#website","url":"http:\/\/4xsample.de\/","name":"4xSample Beatboxcrew","description":"Beatbox Shows, Workshops &amp; Events","potentialAction":[{"@type":"SearchAction","target":{"@type":"EntryPoint","urlTemplate":"http:\/\/4xsample.de\/?s={search_term_string}"},"query-input":"required name=search_term_string"}],"inLanguage":"en-US"},{"@type":"WebPage","@id":"http:\/\/4xsample.de\/en\/data-protection\/#webpage","url":"http:\/\/4xsample.de\/en\/data-protection\/","name":"Data protection: 4xSample Beatboxcrew international Beatbox Champions!","isPartOf":{"@id":"http:\/\/4xsample.de\/#website"},"datePublished":"2017-08-04T17:06:18+00:00","dateModified":"2018-05-24T07:27:51+00:00","description":"Looking for Beatboxers? We are the 4xSample Beatboxcrew from Berlin and proud to be germany\u00b4s international beatbox team. Here you find everything about us.","breadcrumb":{"@id":"http:\/\/4xsample.de\/en\/data-protection\/#breadcrumb"},"inLanguage":"en-US","potentialAction":[{"@type":"ReadAction","target":["http:\/\/4xsample.de\/en\/data-protection\/"]}]},{"@type":"BreadcrumbList","@id":"http:\/\/4xsample.de\/en\/data-protection\/#breadcrumb","itemListElement":[{"@type":"ListItem","position":1,"name":"Home","item":"http:\/\/4xsample.de\/"},{"@type":"ListItem","position":2,"name":"Data protection"}]}]}},"_links":{"self":[{"href":"http:\/\/4xsample.de\/en\/wp-json\/wp\/v2\/pages\/508"}],"collection":[{"href":"http:\/\/4xsample.de\/en\/wp-json\/wp\/v2\/pages"}],"about":[{"href":"http:\/\/4xsample.de\/en\/wp-json\/wp\/v2\/types\/page"}],"author":[{"embeddable":true,"href":"http:\/\/4xsample.de\/en\/wp-json\/wp\/v2\/users\/1"}],"replies":[{"embeddable":true,"href":"http:\/\/4xsample.de\/en\/wp-json\/wp\/v2\/comments?post=508"}],"version-history":[{"count":2,"href":"http:\/\/4xsample.de\/en\/wp-json\/wp\/v2\/pages\/508\/revisions"}],"predecessor-version":[{"id":616,"href":"http:\/\/4xsample.de\/en\/wp-json\/wp\/v2\/pages\/508\/revisions\/616"}],"wp:attachment":[{"href":"http:\/\/4xsample.de\/en\/wp-json\/wp\/v2\/media?parent=508"}],"curies":[{"name":"wp","href":"https:\/\/api.w.org\/{rel}","templated":true}]}}